{"id":25,"date":"2024-02-03T09:59:20","date_gmt":"2024-02-03T09:59:20","guid":{"rendered":"https:\/\/hibelia.com\/?page_id=25"},"modified":"2024-10-02T20:08:44","modified_gmt":"2024-10-02T20:08:44","slug":"sobre-hibelia","status":"publish","type":"page","link":"https:\/\/hibelia.com\/?page_id=25","title":{"rendered":"SOBRE HIBELIA"},"content":{"rendered":"\t\t<div data-elementor-type=\"wp-page\" data-elementor-id=\"25\" class=\"elementor elementor-25\" data-elementor-post-type=\"page\">\n\t\t\t\t<div class=\"elementor-element elementor-element-19c3029 e-flex e-con-boxed e-con e-parent\" data-id=\"19c3029\" data-element_type=\"container\" data-e-type=\"container\">\n\t\t\t\t\t<div class=\"e-con-inner\">\n\t\t<div class=\"elementor-element elementor-element-bcbd751 e-con-full e-flex e-con e-child\" data-id=\"bcbd751\" data-element_type=\"container\" data-e-type=\"container\">\n\t\t\t\t<div class=\"elementor-element elementor-element-759ac15 elementor-widget elementor-widget-image\" data-id=\"759ac15\" data-element_type=\"widget\" data-e-type=\"widget\" data-widget_type=\"image.default\">\n\t\t\t\t<div class=\"elementor-widget-container\">\n\t\t\t\t\t\t\t\t\t\t\t\t\t\t\t<img fetchpriority=\"high\" decoding=\"async\" width=\"800\" height=\"375\" src=\"https:\/\/hibelia.com\/wp-content\/uploads\/2024\/01\/Sobre-Hibelia.jpg\" class=\"attachment-large size-large wp-image-26\" alt=\"Sobre Hibelia\" srcset=\"https:\/\/hibelia.com\/wp-content\/uploads\/2024\/01\/Sobre-Hibelia.jpg 875w, https:\/\/hibelia.com\/wp-content\/uploads\/2024\/01\/Sobre-Hibelia-300x141.jpg 300w, https:\/\/hibelia.com\/wp-content\/uploads\/2024\/01\/Sobre-Hibelia-768x360.jpg 768w\" sizes=\"(max-width: 800px) 100vw, 800px\" \/>\t\t\t\t\t\t\t\t\t\t\t\t\t\t\t<\/div>\n\t\t\t\t<\/div>\n\t\t\t\t<\/div>\n\t\t<div class=\"elementor-element elementor-element-d880e4f e-con-full e-flex e-con e-child\" data-id=\"d880e4f\" data-element_type=\"container\" data-e-type=\"container\">\n\t\t\t\t<div class=\"elementor-element elementor-element-80213d5 elementor-widget elementor-widget-heading\" data-id=\"80213d5\" data-element_type=\"widget\" data-e-type=\"widget\" data-widget_type=\"heading.default\">\n\t\t\t\t<div class=\"elementor-widget-container\">\n\t\t\t\t\t<h2 class=\"elementor-heading-title elementor-size-default\">BIENVENIDOS A HIBELIA<\/h2>\t\t\t\t<\/div>\n\t\t\t\t<\/div>\n\t\t\t\t<div class=\"elementor-element elementor-element-64b8196 elementor-widget-divider--view-line elementor-widget elementor-widget-divider\" data-id=\"64b8196\" data-element_type=\"widget\" data-e-type=\"widget\" data-widget_type=\"divider.default\">\n\t\t\t\t<div class=\"elementor-widget-container\">\n\t\t\t\t\t\t\t<div class=\"elementor-divider\">\n\t\t\t<span class=\"elementor-divider-separator\">\n\t\t\t\t\t\t<\/span>\n\t\t<\/div>\n\t\t\t\t\t\t<\/div>\n\t\t\t\t<\/div>\n\t\t\t\t<div class=\"elementor-element elementor-element-c0b159a elementor-widget elementor-widget-heading\" data-id=\"c0b159a\" data-element_type=\"widget\" data-e-type=\"widget\" data-widget_type=\"heading.default\">\n\t\t\t\t<div class=\"elementor-widget-container\">\n\t\t\t\t\t<h2 class=\"elementor-heading-title elementor-size-default\">SERVICIOS DE HIGIENE INTEGRALES PARA TU EMPRESA<\/h2>\t\t\t\t<\/div>\n\t\t\t\t<\/div>\n\t\t\t\t<div class=\"elementor-element elementor-element-6fc5faa elementor-widget elementor-widget-text-editor\" data-id=\"6fc5faa\" data-element_type=\"widget\" data-e-type=\"widget\" data-widget_type=\"text-editor.default\">\n\t\t\t\t<div class=\"elementor-widget-container\">\n\t\t\t\t\t\t\t\t\t<p>Nuestra empresa nace en 2001 con la misi\u00f3n de \u201cofrecer soluciones integrales de servicios de higiene a nuestros clientes\u201d. A lo largo de estos a\u00f1os, seguimos manteniendo esta filosof\u00eda, pero mejorando los recursos y la tecnolog\u00eda para adaptarnos a las nuevas necesidades existentes.<\/p><p>En 2023, Hibelia crece por la adquisici\u00f3n de la empresa Limpydes Facility Services, lo que se traduce en un incremento de l\u00edneas de negocio y una sustentaci\u00f3n aun mayor en la experiencia de m\u00e1s de 20 a\u00f1os en el sector de la higiene integral.<\/p><p>Contamos con profesionales en cada uno de los departamentos que le dan valor a\u00f1adido a la gama de servicios de higiene que desarrollamos.<\/p><p>Nuestra experiencia en diferentes sectores (Industria, Sanitario, Hosteler\u00eda, Restauraci\u00f3n, Petrol\u00edferas\u2026) demuestra que estamos capacitados para trabajar en cualquier espacio de trabajo donde nazca una necesidad de higiene, sin olvidarnos de la seguridad de cada uno de nuestros trabajadores ni del propio cliente, adem\u00e1s de priorizar el cuidado del medioambiente.<\/p><p>Queremos servir de apoyo a nuestro cliente y poder asesorarle en todo lo relacionado con la higiene en su establecimiento.<\/p>\t\t\t\t\t\t\t\t<\/div>\n\t\t\t\t<\/div>\n\t\t\t\t<div class=\"elementor-element elementor-element-8043dfe elementor-widget-divider--view-line elementor-widget elementor-widget-divider\" data-id=\"8043dfe\" data-element_type=\"widget\" data-e-type=\"widget\" data-widget_type=\"divider.default\">\n\t\t\t\t<div class=\"elementor-widget-container\">\n\t\t\t\t\t\t\t<div class=\"elementor-divider\">\n\t\t\t<span class=\"elementor-divider-separator\">\n\t\t\t\t\t\t<\/span>\n\t\t<\/div>\n\t\t\t\t\t\t<\/div>\n\t\t\t\t<\/div>\n\t\t\t\t<\/div>\n\t\t\t\t\t<\/div>\n\t\t\t\t<\/div>\n\t\t\t\t<\/div>\n\t\t","protected":false},"excerpt":{"rendered":"<p>BIENVENIDOS A HIBELIA SERVICIOS DE HIGIENE INTEGRALES PARA TU EMPRESA Nuestra empresa nace en 2001 con la misi\u00f3n de \u201cofrecer soluciones integrales de servicios de higiene a nuestros clientes\u201d. A lo largo de estos a\u00f1os, seguimos manteniendo esta filosof\u00eda, pero mejorando los recursos y la tecnolog\u00eda para adaptarnos a las nuevas necesidades existentes. En 2023, [&hellip;]<\/p>\n","protected":false},"author":2,"featured_media":0,"parent":0,"menu_order":0,"comment_status":"closed","ping_status":"closed","template":"","meta":{"footnotes":""},"class_list":["post-25","page","type-page","status-publish","hentry"],"_links":{"self":[{"href":"https:\/\/hibelia.com\/index.php?rest_route=\/wp\/v2\/pages\/25","targetHints":{"allow":["GET"]}}],"collection":[{"href":"https:\/\/hibelia.com\/index.php?rest_route=\/wp\/v2\/pages"}],"about":[{"href":"https:\/\/hibelia.com\/index.php?rest_route=\/wp\/v2\/types\/page"}],"author":[{"embeddable":true,"href":"https:\/\/hibelia.com\/index.php?rest_route=\/wp\/v2\/users\/2"}],"replies":[{"embeddable":true,"href":"https:\/\/hibelia.com\/index.php?rest_route=%2Fwp%2Fv2%2Fcomments&post=25"}],"version-history":[{"count":30,"href":"https:\/\/hibelia.com\/index.php?rest_route=\/wp\/v2\/pages\/25\/revisions"}],"predecessor-version":[{"id":1737,"href":"https:\/\/hibelia.com\/index.php?rest_route=\/wp\/v2\/pages\/25\/revisions\/1737"}],"wp:attachment":[{"href":"https:\/\/hibelia.com\/index.php?rest_route=%2Fwp%2Fv2%2Fmedia&parent=25"}],"curies":[{"name":"wp","href":"https:\/\/api.w.org\/{rel}","templated":true}]}}