{"id":1529,"date":"2024-09-28T09:28:32","date_gmt":"2024-09-28T09:28:32","guid":{"rendered":"https:\/\/hibelia.com\/?page_id=1529"},"modified":"2024-09-28T09:29:35","modified_gmt":"2024-09-28T09:29:35","slug":"mant-de-lamparas-insectocaptoras","status":"publish","type":"page","link":"https:\/\/hibelia.com\/?page_id=1529","title":{"rendered":"MANT. DE L\u00c1MPARAS INSECTOCAPTORAS"},"content":{"rendered":"\t\t<div data-elementor-type=\"wp-page\" data-elementor-id=\"1529\" class=\"elementor elementor-1529\" data-elementor-post-type=\"page\">\n\t\t\t\t<div class=\"elementor-element elementor-element-ac3b61c e-flex e-con-boxed e-con e-parent\" data-id=\"ac3b61c\" data-element_type=\"container\" data-e-type=\"container\">\n\t\t\t\t\t<div class=\"e-con-inner\">\n\t\t\t\t<div class=\"elementor-element elementor-element-e492f9f elementor-widget elementor-widget-heading\" data-id=\"e492f9f\" data-element_type=\"widget\" data-e-type=\"widget\" data-widget_type=\"heading.default\">\n\t\t\t\t<div class=\"elementor-widget-container\">\n\t\t\t\t\t<h2 class=\"elementor-heading-title elementor-size-default\">MANT. DE L\u00c1MPARAS INSECTOCAPTORAS<\/h2>\t\t\t\t<\/div>\n\t\t\t\t<\/div>\n\t\t\t\t\t<\/div>\n\t\t\t\t<\/div>\n\t\t<div class=\"elementor-element elementor-element-774d169 e-flex e-con-boxed e-con e-parent\" data-id=\"774d169\" data-element_type=\"container\" data-e-type=\"container\">\n\t\t\t\t\t<div class=\"e-con-inner\">\n\t\t<div class=\"elementor-element elementor-element-7cea9a3 e-con-full e-flex e-con e-child\" data-id=\"7cea9a3\" data-element_type=\"container\" data-e-type=\"container\">\n\t\t\t\t<div class=\"elementor-element elementor-element-8e2c205 elementor-invisible elementor-widget elementor-widget-image\" data-id=\"8e2c205\" data-element_type=\"widget\" data-e-type=\"widget\" data-settings=\"{&quot;_animation&quot;:&quot;fadeInLeft&quot;}\" data-widget_type=\"image.default\">\n\t\t\t\t<div class=\"elementor-widget-container\">\n\t\t\t\t\t\t\t\t\t\t\t\t\t\t\t<img fetchpriority=\"high\" decoding=\"async\" width=\"555\" height=\"308\" src=\"https:\/\/hibelia.com\/wp-content\/uploads\/2024\/02\/servicios-7.png\" class=\"attachment-large size-large wp-image-789\" alt=\"\" srcset=\"https:\/\/hibelia.com\/wp-content\/uploads\/2024\/02\/servicios-7.png 555w, https:\/\/hibelia.com\/wp-content\/uploads\/2024\/02\/servicios-7-300x166.png 300w\" sizes=\"(max-width: 555px) 100vw, 555px\" \/>\t\t\t\t\t\t\t\t\t\t\t\t\t\t\t<\/div>\n\t\t\t\t<\/div>\n\t\t\t\t<\/div>\n\t\t<div class=\"elementor-element elementor-element-0bf2fc0 e-con-full e-flex e-con e-child\" data-id=\"0bf2fc0\" data-element_type=\"container\" data-e-type=\"container\">\n\t\t\t\t<div class=\"elementor-element elementor-element-e776857 elementor-invisible elementor-widget elementor-widget-text-editor\" data-id=\"e776857\" data-element_type=\"widget\" data-e-type=\"widget\" data-settings=\"{&quot;_animation&quot;:&quot;fadeInUp&quot;}\" data-widget_type=\"text-editor.default\">\n\t\t\t\t<div class=\"elementor-widget-container\">\n\t\t\t\t\t\t\t\t\t<p>Para una correcta eliminaci\u00f3n de insectos voladores es necesario tener un buen mantenimiento de l\u00e1mparas insectocaptoras. El servicio consiste en el asesoramiento para la instalaci\u00f3n de la l\u00e1mpara, la verificaci\u00f3n de su funcionamiento, el suministro y colocaci\u00f3n de recambios. Con las l\u00e1mparas adecuadas y una frecuencia acorde con las necesidades de cada establecimiento se puede controlar cualquier plaga de insectos voladores.<\/p><p>Hibelia le ayudar\u00e1 a optimizar la l\u00e1mpara al 100% para su buen funcionamiento.<\/p>\t\t\t\t\t\t\t\t<\/div>\n\t\t\t\t<\/div>\n\t\t\t\t<\/div>\n\t\t\t\t\t<\/div>\n\t\t\t\t<\/div>\n\t\t\t\t<\/div>\n\t\t","protected":false},"excerpt":{"rendered":"<p>MANT. DE L\u00c1MPARAS INSECTOCAPTORAS Para una correcta eliminaci\u00f3n de insectos voladores es necesario tener un buen mantenimiento de l\u00e1mparas insectocaptoras. El servicio consiste en el asesoramiento para la instalaci\u00f3n de la l\u00e1mpara, la verificaci\u00f3n de su funcionamiento, el suministro y colocaci\u00f3n de recambios. Con las l\u00e1mparas adecuadas y una frecuencia acorde con las necesidades de [&hellip;]<\/p>\n","protected":false},"author":2,"featured_media":0,"parent":0,"menu_order":0,"comment_status":"closed","ping_status":"closed","template":"","meta":{"footnotes":""},"class_list":["post-1529","page","type-page","status-publish","hentry"],"_links":{"self":[{"href":"https:\/\/hibelia.com\/index.php?rest_route=\/wp\/v2\/pages\/1529","targetHints":{"allow":["GET"]}}],"collection":[{"href":"https:\/\/hibelia.com\/index.php?rest_route=\/wp\/v2\/pages"}],"about":[{"href":"https:\/\/hibelia.com\/index.php?rest_route=\/wp\/v2\/types\/page"}],"author":[{"embeddable":true,"href":"https:\/\/hibelia.com\/index.php?rest_route=\/wp\/v2\/users\/2"}],"replies":[{"embeddable":true,"href":"https:\/\/hibelia.com\/index.php?rest_route=%2Fwp%2Fv2%2Fcomments&post=1529"}],"version-history":[{"count":4,"href":"https:\/\/hibelia.com\/index.php?rest_route=\/wp\/v2\/pages\/1529\/revisions"}],"predecessor-version":[{"id":1533,"href":"https:\/\/hibelia.com\/index.php?rest_route=\/wp\/v2\/pages\/1529\/revisions\/1533"}],"wp:attachment":[{"href":"https:\/\/hibelia.com\/index.php?rest_route=%2Fwp%2Fv2%2Fmedia&parent=1529"}],"curies":[{"name":"wp","href":"https:\/\/api.w.org\/{rel}","templated":true}]}}