{"id":1523,"date":"2024-09-28T09:26:12","date_gmt":"2024-09-28T09:26:12","guid":{"rendered":"https:\/\/hibelia.com\/?page_id=1523"},"modified":"2024-09-28T09:27:13","modified_gmt":"2024-09-28T09:27:13","slug":"mant-de-alfombras","status":"publish","type":"page","link":"https:\/\/hibelia.com\/?page_id=1523","title":{"rendered":"MANT. DE ALFOMBRAS"},"content":{"rendered":"\t\t<div data-elementor-type=\"wp-page\" data-elementor-id=\"1523\" class=\"elementor elementor-1523\" data-elementor-post-type=\"page\">\n\t\t\t\t<div class=\"elementor-element elementor-element-ac3b61c e-flex e-con-boxed e-con e-parent\" data-id=\"ac3b61c\" data-element_type=\"container\" data-e-type=\"container\">\n\t\t\t\t\t<div class=\"e-con-inner\">\n\t\t\t\t<div class=\"elementor-element elementor-element-e492f9f elementor-widget elementor-widget-heading\" data-id=\"e492f9f\" data-element_type=\"widget\" data-e-type=\"widget\" data-widget_type=\"heading.default\">\n\t\t\t\t<div class=\"elementor-widget-container\">\n\t\t\t\t\t<h2 class=\"elementor-heading-title elementor-size-default\">MANT. DE ALFOMBRAS<\/h2>\t\t\t\t<\/div>\n\t\t\t\t<\/div>\n\t\t\t\t\t<\/div>\n\t\t\t\t<\/div>\n\t\t<div class=\"elementor-element elementor-element-774d169 e-flex e-con-boxed e-con e-parent\" data-id=\"774d169\" data-element_type=\"container\" data-e-type=\"container\">\n\t\t\t\t\t<div class=\"e-con-inner\">\n\t\t<div class=\"elementor-element elementor-element-7cea9a3 e-con-full e-flex e-con e-child\" data-id=\"7cea9a3\" data-element_type=\"container\" data-e-type=\"container\">\n\t\t\t\t<div class=\"elementor-element elementor-element-8e2c205 elementor-invisible elementor-widget elementor-widget-image\" data-id=\"8e2c205\" data-element_type=\"widget\" data-e-type=\"widget\" data-settings=\"{&quot;_animation&quot;:&quot;fadeInLeft&quot;}\" data-widget_type=\"image.default\">\n\t\t\t\t<div class=\"elementor-widget-container\">\n\t\t\t\t\t\t\t\t\t\t\t\t\t\t\t<img fetchpriority=\"high\" decoding=\"async\" width=\"555\" height=\"308\" src=\"https:\/\/hibelia.com\/wp-content\/uploads\/2024\/02\/servicios-6.png\" class=\"attachment-large size-large wp-image-794\" alt=\"\" srcset=\"https:\/\/hibelia.com\/wp-content\/uploads\/2024\/02\/servicios-6.png 555w, https:\/\/hibelia.com\/wp-content\/uploads\/2024\/02\/servicios-6-300x166.png 300w\" sizes=\"(max-width: 555px) 100vw, 555px\" \/>\t\t\t\t\t\t\t\t\t\t\t\t\t\t\t<\/div>\n\t\t\t\t<\/div>\n\t\t\t\t<\/div>\n\t\t<div class=\"elementor-element elementor-element-0bf2fc0 e-con-full e-flex e-con e-child\" data-id=\"0bf2fc0\" data-element_type=\"container\" data-e-type=\"container\">\n\t\t\t\t<div class=\"elementor-element elementor-element-e776857 elementor-invisible elementor-widget elementor-widget-text-editor\" data-id=\"e776857\" data-element_type=\"widget\" data-e-type=\"widget\" data-settings=\"{&quot;_animation&quot;:&quot;fadeInUp&quot;}\" data-widget_type=\"text-editor.default\">\n\t\t\t\t<div class=\"elementor-widget-container\">\n\t\t\t\t\t\t\t\t\t<p>Las alfombras antisuciedad sirven de barrera contra el 80% de poluci\u00f3n que se introduce en los establecimientos y le ayuda a un ahorro econ\u00f3mico en la limpieza de estos. Adem\u00e1s, es la primera imagen que se llevan los clientes de su local. La limpieza se realiza para cualquier tipo de alfombra. Hibelia, tambi\u00e9n le ofrece la personalizaci\u00f3n de la alfombra con su logotipo o nombre de la empresa.<\/p><p>El mantenimiento de alfombras es una buena manera de tener siempre su establecimiento limpio y con buena presencia.<\/p>\t\t\t\t\t\t\t\t<\/div>\n\t\t\t\t<\/div>\n\t\t\t\t<\/div>\n\t\t\t\t\t<\/div>\n\t\t\t\t<\/div>\n\t\t\t\t<\/div>\n\t\t","protected":false},"excerpt":{"rendered":"<p>MANT. DE ALFOMBRAS Las alfombras antisuciedad sirven de barrera contra el 80% de poluci\u00f3n que se introduce en los establecimientos y le ayuda a un ahorro econ\u00f3mico en la limpieza de estos. Adem\u00e1s, es la primera imagen que se llevan los clientes de su local. La limpieza se realiza para cualquier tipo de alfombra. Hibelia, [&hellip;]<\/p>\n","protected":false},"author":2,"featured_media":0,"parent":0,"menu_order":0,"comment_status":"closed","ping_status":"closed","template":"","meta":{"footnotes":""},"class_list":["post-1523","page","type-page","status-publish","hentry"],"_links":{"self":[{"href":"https:\/\/hibelia.com\/index.php?rest_route=\/wp\/v2\/pages\/1523","targetHints":{"allow":["GET"]}}],"collection":[{"href":"https:\/\/hibelia.com\/index.php?rest_route=\/wp\/v2\/pages"}],"about":[{"href":"https:\/\/hibelia.com\/index.php?rest_route=\/wp\/v2\/types\/page"}],"author":[{"embeddable":true,"href":"https:\/\/hibelia.com\/index.php?rest_route=\/wp\/v2\/users\/2"}],"replies":[{"embeddable":true,"href":"https:\/\/hibelia.com\/index.php?rest_route=%2Fwp%2Fv2%2Fcomments&post=1523"}],"version-history":[{"count":4,"href":"https:\/\/hibelia.com\/index.php?rest_route=\/wp\/v2\/pages\/1523\/revisions"}],"predecessor-version":[{"id":1527,"href":"https:\/\/hibelia.com\/index.php?rest_route=\/wp\/v2\/pages\/1523\/revisions\/1527"}],"wp:attachment":[{"href":"https:\/\/hibelia.com\/index.php?rest_route=%2Fwp%2Fv2%2Fmedia&parent=1523"}],"curies":[{"name":"wp","href":"https:\/\/api.w.org\/{rel}","templated":true}]}}