{"id":1517,"date":"2024-09-28T09:24:04","date_gmt":"2024-09-28T09:24:04","guid":{"rendered":"https:\/\/hibelia.com\/?page_id=1517"},"modified":"2024-09-28T09:25:09","modified_gmt":"2024-09-28T09:25:09","slug":"mant-sistema-de-osmosis","status":"publish","type":"page","link":"https:\/\/hibelia.com\/?page_id=1517","title":{"rendered":"MANT. SISTEMA DE \u00d3SMOSIS"},"content":{"rendered":"\t\t<div data-elementor-type=\"wp-page\" data-elementor-id=\"1517\" class=\"elementor elementor-1517\" data-elementor-post-type=\"page\">\n\t\t\t\t<div class=\"elementor-element elementor-element-ac3b61c e-flex e-con-boxed e-con e-parent\" data-id=\"ac3b61c\" data-element_type=\"container\" data-e-type=\"container\">\n\t\t\t\t\t<div class=\"e-con-inner\">\n\t\t\t\t<div class=\"elementor-element elementor-element-e492f9f elementor-widget elementor-widget-heading\" data-id=\"e492f9f\" data-element_type=\"widget\" data-e-type=\"widget\" data-widget_type=\"heading.default\">\n\t\t\t\t<div class=\"elementor-widget-container\">\n\t\t\t\t\t<h2 class=\"elementor-heading-title elementor-size-default\">MANT. SISTEMA DE \u00d3SMOSIS<\/h2>\t\t\t\t<\/div>\n\t\t\t\t<\/div>\n\t\t\t\t\t<\/div>\n\t\t\t\t<\/div>\n\t\t<div class=\"elementor-element elementor-element-774d169 e-flex e-con-boxed e-con e-parent\" data-id=\"774d169\" data-element_type=\"container\" data-e-type=\"container\">\n\t\t\t\t\t<div class=\"e-con-inner\">\n\t\t<div class=\"elementor-element elementor-element-7cea9a3 e-con-full e-flex e-con e-child\" data-id=\"7cea9a3\" data-element_type=\"container\" data-e-type=\"container\">\n\t\t\t\t<div class=\"elementor-element elementor-element-8e2c205 elementor-invisible elementor-widget elementor-widget-image\" data-id=\"8e2c205\" data-element_type=\"widget\" data-e-type=\"widget\" data-settings=\"{&quot;_animation&quot;:&quot;fadeInLeft&quot;}\" data-widget_type=\"image.default\">\n\t\t\t\t<div class=\"elementor-widget-container\">\n\t\t\t\t\t\t\t\t\t\t\t\t\t\t\t<img fetchpriority=\"high\" decoding=\"async\" width=\"380\" height=\"305\" src=\"https:\/\/hibelia.com\/wp-content\/uploads\/2024\/03\/osmosis-inversa-e1711814092172.png\" class=\"attachment-large size-large wp-image-1134\" alt=\"\" \/>\t\t\t\t\t\t\t\t\t\t\t\t\t\t\t<\/div>\n\t\t\t\t<\/div>\n\t\t\t\t<\/div>\n\t\t<div class=\"elementor-element elementor-element-0bf2fc0 e-con-full e-flex e-con e-child\" data-id=\"0bf2fc0\" data-element_type=\"container\" data-e-type=\"container\">\n\t\t\t\t<div class=\"elementor-element elementor-element-e776857 elementor-invisible elementor-widget elementor-widget-text-editor\" data-id=\"e776857\" data-element_type=\"widget\" data-e-type=\"widget\" data-settings=\"{&quot;_animation&quot;:&quot;fadeInUp&quot;}\" data-widget_type=\"text-editor.default\">\n\t\t\t\t<div class=\"elementor-widget-container\">\n\t\t\t\t\t\t\t\t\t<p>El Mantenimiento de Sistema de \u00d3smosis Inversa es muy importante para el buen funcionamiento de las fuentes industriales y para asegurar que el agua alcance su potabilidad m\u00e1xima.<\/p><p>Las membranas pueden ensuciarse a trav\u00e9s de materiales org\u00e1nicos, minerales, part\u00edculas coloidales o por compuestos org\u00e1nicos insolubles. El agua de alimentaci\u00f3n y los propios conductos de distribuci\u00f3n son los causantes de la presencia de dichos compuestos.<\/p><p>Hibelia, a trav\u00e9s del mantenimiento y reposici\u00f3n de los elementos necesarios, garantiza una buena optimizaci\u00f3n de las fuentes industriales, eliminando un porcentaje elevado de los contaminantes presentes en el agua.<\/p>\t\t\t\t\t\t\t\t<\/div>\n\t\t\t\t<\/div>\n\t\t\t\t<\/div>\n\t\t\t\t\t<\/div>\n\t\t\t\t<\/div>\n\t\t\t\t<\/div>\n\t\t","protected":false},"excerpt":{"rendered":"<p>MANT. SISTEMA DE \u00d3SMOSIS El Mantenimiento de Sistema de \u00d3smosis Inversa es muy importante para el buen funcionamiento de las fuentes industriales y para asegurar que el agua alcance su potabilidad m\u00e1xima. Las membranas pueden ensuciarse a trav\u00e9s de materiales org\u00e1nicos, minerales, part\u00edculas coloidales o por compuestos org\u00e1nicos insolubles. El agua de alimentaci\u00f3n y los [&hellip;]<\/p>\n","protected":false},"author":2,"featured_media":0,"parent":0,"menu_order":0,"comment_status":"closed","ping_status":"closed","template":"","meta":{"footnotes":""},"class_list":["post-1517","page","type-page","status-publish","hentry"],"_links":{"self":[{"href":"https:\/\/hibelia.com\/index.php?rest_route=\/wp\/v2\/pages\/1517","targetHints":{"allow":["GET"]}}],"collection":[{"href":"https:\/\/hibelia.com\/index.php?rest_route=\/wp\/v2\/pages"}],"about":[{"href":"https:\/\/hibelia.com\/index.php?rest_route=\/wp\/v2\/types\/page"}],"author":[{"embeddable":true,"href":"https:\/\/hibelia.com\/index.php?rest_route=\/wp\/v2\/users\/2"}],"replies":[{"embeddable":true,"href":"https:\/\/hibelia.com\/index.php?rest_route=%2Fwp%2Fv2%2Fcomments&post=1517"}],"version-history":[{"count":4,"href":"https:\/\/hibelia.com\/index.php?rest_route=\/wp\/v2\/pages\/1517\/revisions"}],"predecessor-version":[{"id":1521,"href":"https:\/\/hibelia.com\/index.php?rest_route=\/wp\/v2\/pages\/1517\/revisions\/1521"}],"wp:attachment":[{"href":"https:\/\/hibelia.com\/index.php?rest_route=%2Fwp%2Fv2%2Fmedia&parent=1517"}],"curies":[{"name":"wp","href":"https:\/\/api.w.org\/{rel}","templated":true}]}}