{"id":1511,"date":"2024-09-28T09:33:04","date_gmt":"2024-09-28T09:33:04","guid":{"rendered":"https:\/\/hibelia.com\/?page_id=1511"},"modified":"2024-10-26T08:25:19","modified_gmt":"2024-10-26T08:25:19","slug":"control-integral-de-plagas-3","status":"publish","type":"page","link":"https:\/\/hibelia.com\/?page_id=1511","title":{"rendered":"CONTROL INTEGRAL DE PLAGAS"},"content":{"rendered":"\t\t<div data-elementor-type=\"wp-page\" data-elementor-id=\"1511\" class=\"elementor elementor-1511\" data-elementor-post-type=\"page\">\n\t\t\t\t<div class=\"elementor-element elementor-element-ac3b61c e-flex e-con-boxed e-con e-parent\" data-id=\"ac3b61c\" data-element_type=\"container\" data-e-type=\"container\">\n\t\t\t\t\t<div class=\"e-con-inner\">\n\t\t\t\t<div class=\"elementor-element elementor-element-e492f9f elementor-widget elementor-widget-heading\" data-id=\"e492f9f\" data-element_type=\"widget\" data-e-type=\"widget\" data-widget_type=\"heading.default\">\n\t\t\t\t<div class=\"elementor-widget-container\">\n\t\t\t\t\t<h2 class=\"elementor-heading-title elementor-size-default\">CONTROL INTEGRAL DE PLAGAS<\/h2>\t\t\t\t<\/div>\n\t\t\t\t<\/div>\n\t\t\t\t\t<\/div>\n\t\t\t\t<\/div>\n\t\t<div class=\"elementor-element elementor-element-774d169 e-flex e-con-boxed e-con e-parent\" data-id=\"774d169\" data-element_type=\"container\" data-e-type=\"container\">\n\t\t\t\t\t<div class=\"e-con-inner\">\n\t\t\t\t<div class=\"elementor-element elementor-element-3d3e938 elementor-widget elementor-widget-image\" data-id=\"3d3e938\" data-element_type=\"widget\" data-e-type=\"widget\" data-widget_type=\"image.default\">\n\t\t\t\t<div class=\"elementor-widget-container\">\n\t\t\t\t\t\t\t\t\t\t\t\t\t\t\t<img decoding=\"async\" src=\"https:\/\/hibelia.com\/control-integrado-de-plagas_01-2\/\" title=\"\" alt=\"\" loading=\"lazy\" \/>\t\t\t\t\t\t\t\t\t\t\t\t\t\t\t<\/div>\n\t\t\t\t<\/div>\n\t\t<div class=\"elementor-element elementor-element-311b1e2 e-con-full e-flex e-con e-child\" data-id=\"311b1e2\" data-element_type=\"container\" data-e-type=\"container\">\n\t\t\t\t<div class=\"elementor-element elementor-element-449bafd elementor-widget elementor-widget-image\" data-id=\"449bafd\" data-element_type=\"widget\" data-e-type=\"widget\" data-widget_type=\"image.default\">\n\t\t\t\t<div class=\"elementor-widget-container\">\n\t\t\t\t\t\t\t\t\t\t\t\t\t\t\t<img decoding=\"async\" src=\"https:\/\/hibelia.com\/wp-content\/uploads\/2024\/10\/Control-integrado-de-plagas_01-1.png\" title=\"\" alt=\"\" loading=\"lazy\" \/>\t\t\t\t\t\t\t\t\t\t\t\t\t\t\t<\/div>\n\t\t\t\t<\/div>\n\t\t\t\t<\/div>\n\t\t<div class=\"elementor-element elementor-element-0bf2fc0 e-con-full e-flex e-con e-child\" data-id=\"0bf2fc0\" data-element_type=\"container\" data-e-type=\"container\">\n\t\t\t\t<div class=\"elementor-element elementor-element-e776857 elementor-invisible elementor-widget elementor-widget-text-editor\" data-id=\"e776857\" data-element_type=\"widget\" data-e-type=\"widget\" data-settings=\"{&quot;_animation&quot;:&quot;fadeInUp&quot;}\" data-widget_type=\"text-editor.default\">\n\t\t\t\t<div class=\"elementor-widget-container\">\n\t\t\t\t\t\t\t\t\t<p>Hibelia se basa en la normativa UNE-EN 16636:2015 para combatir cualquier tipo de plaga. Los servicios de control integrado de plagas son la desinsectaci\u00f3n, desratizaci\u00f3n, desinfecci\u00f3n y el control de aves. El procedimiento que seguir en cada actuaci\u00f3n es el siguiente:<\/p><ul><li>Recogida de informaci\u00f3n previa del establecimiento<\/li><li>Inspecci\u00f3n del \u00e1rea a tratar, analizando posibles focos de infestaci\u00f3n<\/li><li>Aplicaci\u00f3n de tratamientos con biocidas<\/li><li>Recomendaciones de medidas correctivas (sellado de grietas, \u2026)<\/li><li>Monitorizaci\u00f3n tras confirmar la eficacia del servicio<\/li><\/ul><p>El servicio se realiza para empresas y particulares, y se adapta a las necesidades de cada cliente, siempre con la premisa de respeto al medioambiente y observando las medidas de prevenci\u00f3n de la seguridad y la salud.<\/p>\t\t\t\t\t\t\t\t<\/div>\n\t\t\t\t<\/div>\n\t\t\t\t<\/div>\n\t\t\t\t\t<\/div>\n\t\t\t\t<\/div>\n\t\t\t\t<\/div>\n\t\t","protected":false},"excerpt":{"rendered":"<p>CONTROL INTEGRAL DE PLAGAS Hibelia se basa en la normativa UNE-EN 16636:2015 para combatir cualquier tipo de plaga. Los servicios de control integrado de plagas son la desinsectaci\u00f3n, desratizaci\u00f3n, desinfecci\u00f3n y el control de aves. El procedimiento que seguir en cada actuaci\u00f3n es el siguiente: Recogida de informaci\u00f3n previa del establecimiento Inspecci\u00f3n del \u00e1rea a [&hellip;]<\/p>\n","protected":false},"author":2,"featured_media":0,"parent":0,"menu_order":0,"comment_status":"closed","ping_status":"closed","template":"","meta":{"footnotes":""},"class_list":["post-1511","page","type-page","status-publish","hentry"],"_links":{"self":[{"href":"https:\/\/hibelia.com\/index.php?rest_route=\/wp\/v2\/pages\/1511","targetHints":{"allow":["GET"]}}],"collection":[{"href":"https:\/\/hibelia.com\/index.php?rest_route=\/wp\/v2\/pages"}],"about":[{"href":"https:\/\/hibelia.com\/index.php?rest_route=\/wp\/v2\/types\/page"}],"author":[{"embeddable":true,"href":"https:\/\/hibelia.com\/index.php?rest_route=\/wp\/v2\/users\/2"}],"replies":[{"embeddable":true,"href":"https:\/\/hibelia.com\/index.php?rest_route=%2Fwp%2Fv2%2Fcomments&post=1511"}],"version-history":[{"count":16,"href":"https:\/\/hibelia.com\/index.php?rest_route=\/wp\/v2\/pages\/1511\/revisions"}],"predecessor-version":[{"id":1645,"href":"https:\/\/hibelia.com\/index.php?rest_route=\/wp\/v2\/pages\/1511\/revisions\/1645"}],"wp:attachment":[{"href":"https:\/\/hibelia.com\/index.php?rest_route=%2Fwp%2Fv2%2Fmedia&parent=1511"}],"curies":[{"name":"wp","href":"https:\/\/api.w.org\/{rel}","templated":true}]}}