{"id":1505,"date":"2024-09-28T09:07:01","date_gmt":"2024-09-28T09:07:01","guid":{"rendered":"https:\/\/hibelia.com\/?page_id=1505"},"modified":"2024-09-28T09:16:31","modified_gmt":"2024-09-28T09:16:31","slug":"limpieza-de-campanas-extractoras","status":"publish","type":"page","link":"https:\/\/hibelia.com\/?page_id=1505","title":{"rendered":"LIMPIEZA DE CAMPANAS EXTRACTORAS"},"content":{"rendered":"\t\t<div data-elementor-type=\"wp-page\" data-elementor-id=\"1505\" class=\"elementor elementor-1505\" data-elementor-post-type=\"page\">\n\t\t\t\t<div class=\"elementor-element elementor-element-ac3b61c e-flex e-con-boxed e-con e-parent\" data-id=\"ac3b61c\" data-element_type=\"container\" data-e-type=\"container\">\n\t\t\t\t\t<div class=\"e-con-inner\">\n\t\t\t\t<div class=\"elementor-element elementor-element-e492f9f elementor-widget elementor-widget-heading\" data-id=\"e492f9f\" data-element_type=\"widget\" data-e-type=\"widget\" data-widget_type=\"heading.default\">\n\t\t\t\t<div class=\"elementor-widget-container\">\n\t\t\t\t\t<h2 class=\"elementor-heading-title elementor-size-default\">LIMPIEZA DE CAMPANAS EXTRACTORAS<\/h2>\t\t\t\t<\/div>\n\t\t\t\t<\/div>\n\t\t\t\t\t<\/div>\n\t\t\t\t<\/div>\n\t\t<div class=\"elementor-element elementor-element-774d169 e-flex e-con-boxed e-con e-parent\" data-id=\"774d169\" data-element_type=\"container\" data-e-type=\"container\">\n\t\t\t\t\t<div class=\"e-con-inner\">\n\t\t<div class=\"elementor-element elementor-element-7cea9a3 e-con-full e-flex e-con e-child\" data-id=\"7cea9a3\" data-element_type=\"container\" data-e-type=\"container\">\n\t\t\t\t<div class=\"elementor-element elementor-element-8e2c205 elementor-invisible elementor-widget elementor-widget-image\" data-id=\"8e2c205\" data-element_type=\"widget\" data-e-type=\"widget\" data-settings=\"{&quot;_animation&quot;:&quot;fadeInLeft&quot;}\" data-widget_type=\"image.default\">\n\t\t\t\t<div class=\"elementor-widget-container\">\n\t\t\t\t\t\t\t\t\t\t\t\t\t\t\t<img fetchpriority=\"high\" decoding=\"async\" width=\"555\" height=\"308\" src=\"https:\/\/hibelia.com\/wp-content\/uploads\/2024\/02\/servicios-5.png\" class=\"attachment-large size-large wp-image-342\" alt=\"\" srcset=\"https:\/\/hibelia.com\/wp-content\/uploads\/2024\/02\/servicios-5.png 555w, https:\/\/hibelia.com\/wp-content\/uploads\/2024\/02\/servicios-5-300x166.png 300w\" sizes=\"(max-width: 555px) 100vw, 555px\" \/>\t\t\t\t\t\t\t\t\t\t\t\t\t\t\t<\/div>\n\t\t\t\t<\/div>\n\t\t\t\t<\/div>\n\t\t<div class=\"elementor-element elementor-element-0bf2fc0 e-con-full e-flex e-con e-child\" data-id=\"0bf2fc0\" data-element_type=\"container\" data-e-type=\"container\">\n\t\t\t\t<div class=\"elementor-element elementor-element-e776857 elementor-invisible elementor-widget elementor-widget-text-editor\" data-id=\"e776857\" data-element_type=\"widget\" data-e-type=\"widget\" data-settings=\"{&quot;_animation&quot;:&quot;fadeInUp&quot;}\" data-widget_type=\"text-editor.default\">\n\t\t\t\t<div class=\"elementor-widget-container\">\n\t\t\t\t\t\t\t\t\t<p>La <strong>limpieza del sistema de extracci\u00f3n de humos en cocinas<\/strong> es imprescindible para evitar riesgo de incendio y malos olores, debido a la grasa que se acumula. Adem\u00e1s, si no se realizan limpiezas, el sistema trabaja m\u00e1s forzadamente, con lo que se aumenta el coste en energ\u00eda. La grasa acumulada es el lugar ideal para la proliferaci\u00f3n de bacterias, constituyendo un peligro para los alimentos que se encuentran cercanos al <strong>sistema de extracci\u00f3n de humos<\/strong>.<\/p><p>Hibelia se encarga de la limpieza, eliminando cualquier foco de incendio y malos olores, y mejorando el rendimiento del sistema de extracci\u00f3n.<\/p>\t\t\t\t\t\t\t\t<\/div>\n\t\t\t\t<\/div>\n\t\t\t\t<\/div>\n\t\t\t\t\t<\/div>\n\t\t\t\t<\/div>\n\t\t\t\t<\/div>\n\t\t","protected":false},"excerpt":{"rendered":"<p>LIMPIEZA DE CAMPANAS EXTRACTORAS La limpieza del sistema de extracci\u00f3n de humos en cocinas es imprescindible para evitar riesgo de incendio y malos olores, debido a la grasa que se acumula. Adem\u00e1s, si no se realizan limpiezas, el sistema trabaja m\u00e1s forzadamente, con lo que se aumenta el coste en energ\u00eda. La grasa acumulada es [&hellip;]<\/p>\n","protected":false},"author":2,"featured_media":0,"parent":0,"menu_order":0,"comment_status":"closed","ping_status":"closed","template":"","meta":{"footnotes":""},"class_list":["post-1505","page","type-page","status-publish","hentry"],"_links":{"self":[{"href":"https:\/\/hibelia.com\/index.php?rest_route=\/wp\/v2\/pages\/1505","targetHints":{"allow":["GET"]}}],"collection":[{"href":"https:\/\/hibelia.com\/index.php?rest_route=\/wp\/v2\/pages"}],"about":[{"href":"https:\/\/hibelia.com\/index.php?rest_route=\/wp\/v2\/types\/page"}],"author":[{"embeddable":true,"href":"https:\/\/hibelia.com\/index.php?rest_route=\/wp\/v2\/users\/2"}],"replies":[{"embeddable":true,"href":"https:\/\/hibelia.com\/index.php?rest_route=%2Fwp%2Fv2%2Fcomments&post=1505"}],"version-history":[{"count":4,"href":"https:\/\/hibelia.com\/index.php?rest_route=\/wp\/v2\/pages\/1505\/revisions"}],"predecessor-version":[{"id":1509,"href":"https:\/\/hibelia.com\/index.php?rest_route=\/wp\/v2\/pages\/1505\/revisions\/1509"}],"wp:attachment":[{"href":"https:\/\/hibelia.com\/index.php?rest_route=%2Fwp%2Fv2%2Fmedia&parent=1505"}],"curies":[{"name":"wp","href":"https:\/\/api.w.org\/{rel}","templated":true}]}}