{"id":1493,"date":"2024-09-28T08:41:31","date_gmt":"2024-09-28T08:41:31","guid":{"rendered":"https:\/\/hibelia.com\/?page_id=1493"},"modified":"2024-09-28T08:42:29","modified_gmt":"2024-09-28T08:42:29","slug":"control-de-calidad-de-aguas","status":"publish","type":"page","link":"https:\/\/hibelia.com\/?page_id=1493","title":{"rendered":"CONTROL DE CALIDAD DE AGUAS"},"content":{"rendered":"\t\t<div data-elementor-type=\"wp-page\" data-elementor-id=\"1493\" class=\"elementor elementor-1493\" data-elementor-post-type=\"page\">\n\t\t\t\t<div class=\"elementor-element elementor-element-ac3b61c e-flex e-con-boxed e-con e-parent\" data-id=\"ac3b61c\" data-element_type=\"container\" data-e-type=\"container\">\n\t\t\t\t\t<div class=\"e-con-inner\">\n\t\t\t\t<div class=\"elementor-element elementor-element-e492f9f elementor-widget elementor-widget-heading\" data-id=\"e492f9f\" data-element_type=\"widget\" data-e-type=\"widget\" data-widget_type=\"heading.default\">\n\t\t\t\t<div class=\"elementor-widget-container\">\n\t\t\t\t\t<h2 class=\"elementor-heading-title elementor-size-default\">CONTROL DE CALIDAD DE AGUAS<\/h2>\t\t\t\t<\/div>\n\t\t\t\t<\/div>\n\t\t\t\t\t<\/div>\n\t\t\t\t<\/div>\n\t\t<div class=\"elementor-element elementor-element-774d169 e-flex e-con-boxed e-con e-parent\" data-id=\"774d169\" data-element_type=\"container\" data-e-type=\"container\">\n\t\t\t\t\t<div class=\"e-con-inner\">\n\t\t<div class=\"elementor-element elementor-element-7cea9a3 e-con-full e-flex e-con e-child\" data-id=\"7cea9a3\" data-element_type=\"container\" data-e-type=\"container\">\n\t\t\t\t<div class=\"elementor-element elementor-element-8e2c205 elementor-invisible elementor-widget elementor-widget-image\" data-id=\"8e2c205\" data-element_type=\"widget\" data-e-type=\"widget\" data-settings=\"{&quot;_animation&quot;:&quot;fadeInLeft&quot;}\" data-widget_type=\"image.default\">\n\t\t\t\t<div class=\"elementor-widget-container\">\n\t\t\t\t\t\t\t\t\t\t\t\t\t\t\t<img fetchpriority=\"high\" decoding=\"async\" width=\"800\" height=\"502\" src=\"https:\/\/hibelia.com\/wp-content\/uploads\/2024\/03\/Autocontrol-de-piscinas_01-1024x642.png\" class=\"attachment-large size-large wp-image-1337\" alt=\"\" srcset=\"https:\/\/hibelia.com\/wp-content\/uploads\/2024\/03\/Autocontrol-de-piscinas_01-1024x642.png 1024w, https:\/\/hibelia.com\/wp-content\/uploads\/2024\/03\/Autocontrol-de-piscinas_01-300x188.png 300w, https:\/\/hibelia.com\/wp-content\/uploads\/2024\/03\/Autocontrol-de-piscinas_01-768x481.png 768w, https:\/\/hibelia.com\/wp-content\/uploads\/2024\/03\/Autocontrol-de-piscinas_01-1536x963.png 1536w, https:\/\/hibelia.com\/wp-content\/uploads\/2024\/03\/Autocontrol-de-piscinas_01.png 1891w\" sizes=\"(max-width: 800px) 100vw, 800px\" \/>\t\t\t\t\t\t\t\t\t\t\t\t\t\t\t<\/div>\n\t\t\t\t<\/div>\n\t\t\t\t<\/div>\n\t\t<div class=\"elementor-element elementor-element-0bf2fc0 e-con-full e-flex e-con e-child\" data-id=\"0bf2fc0\" data-element_type=\"container\" data-e-type=\"container\">\n\t\t\t\t<div class=\"elementor-element elementor-element-e776857 elementor-invisible elementor-widget elementor-widget-text-editor\" data-id=\"e776857\" data-element_type=\"widget\" data-e-type=\"widget\" data-settings=\"{&quot;_animation&quot;:&quot;fadeInUp&quot;}\" data-widget_type=\"text-editor.default\">\n\t\t\t\t<div class=\"elementor-widget-container\">\n\t\t\t\t\t\t\t\t\t<p>Tanto las <strong>aguas de consumo<\/strong> como las de uso para <strong>recreo<\/strong> o <strong>riego<\/strong> deben mantenerse <strong>bajo control de determinados par\u00e1metros<\/strong> para evitar que se transmitan infecciones o se deteriore su calidad hasta hacerlas no recomendables para el uso previsto.<\/p><p>Hibelia <strong>dise\u00f1a planes de control de los sistemas de aguas<\/strong> adaptados seg\u00fan requisitos concretos.<\/p><p>Los responsables de <strong>piscinas de uso colectivo<\/strong> deben asegurar condiciones higi\u00e9nico-sanitarias y seguridad, as\u00ed como calidad del agua. Hibelia ofrece personal cualificado para desarrollar y poner en marcha este programa, facilitando la tarea a los propietarios de piscinas. La normativa auton\u00f3mica debe considerarse junto al decreto nacional, que establece requisitos m\u00ednimos para garantizar el cumplimiento normativo en la gesti\u00f3n de piscinas colectivas.<\/p>\t\t\t\t\t\t\t\t<\/div>\n\t\t\t\t<\/div>\n\t\t\t\t<\/div>\n\t\t\t\t\t<\/div>\n\t\t\t\t<\/div>\n\t\t\t\t<\/div>\n\t\t","protected":false},"excerpt":{"rendered":"<p>CONTROL DE CALIDAD DE AGUAS Tanto las aguas de consumo como las de uso para recreo o riego deben mantenerse bajo control de determinados par\u00e1metros para evitar que se transmitan infecciones o se deteriore su calidad hasta hacerlas no recomendables para el uso previsto. Hibelia dise\u00f1a planes de control de los sistemas de aguas adaptados [&hellip;]<\/p>\n","protected":false},"author":2,"featured_media":0,"parent":0,"menu_order":0,"comment_status":"closed","ping_status":"closed","template":"","meta":{"footnotes":""},"class_list":["post-1493","page","type-page","status-publish","hentry"],"_links":{"self":[{"href":"https:\/\/hibelia.com\/index.php?rest_route=\/wp\/v2\/pages\/1493","targetHints":{"allow":["GET"]}}],"collection":[{"href":"https:\/\/hibelia.com\/index.php?rest_route=\/wp\/v2\/pages"}],"about":[{"href":"https:\/\/hibelia.com\/index.php?rest_route=\/wp\/v2\/types\/page"}],"author":[{"embeddable":true,"href":"https:\/\/hibelia.com\/index.php?rest_route=\/wp\/v2\/users\/2"}],"replies":[{"embeddable":true,"href":"https:\/\/hibelia.com\/index.php?rest_route=%2Fwp%2Fv2%2Fcomments&post=1493"}],"version-history":[{"count":4,"href":"https:\/\/hibelia.com\/index.php?rest_route=\/wp\/v2\/pages\/1493\/revisions"}],"predecessor-version":[{"id":1497,"href":"https:\/\/hibelia.com\/index.php?rest_route=\/wp\/v2\/pages\/1493\/revisions\/1497"}],"wp:attachment":[{"href":"https:\/\/hibelia.com\/index.php?rest_route=%2Fwp%2Fv2%2Fmedia&parent=1493"}],"curies":[{"name":"wp","href":"https:\/\/api.w.org\/{rel}","templated":true}]}}