{"id":1487,"date":"2024-09-28T08:39:06","date_gmt":"2024-09-28T08:39:06","guid":{"rendered":"https:\/\/hibelia.com\/?page_id=1487"},"modified":"2024-09-28T16:37:24","modified_gmt":"2024-09-28T16:37:24","slug":"higienizacion-de-espacios","status":"publish","type":"page","link":"https:\/\/hibelia.com\/?page_id=1487","title":{"rendered":"HIGIENIZACI\u00d3N DE ESPACIOS"},"content":{"rendered":"\t\t<div data-elementor-type=\"wp-page\" data-elementor-id=\"1487\" class=\"elementor elementor-1487\" data-elementor-post-type=\"page\">\n\t\t\t\t<div class=\"elementor-element elementor-element-ac3b61c e-flex e-con-boxed e-con e-parent\" data-id=\"ac3b61c\" data-element_type=\"container\" data-e-type=\"container\">\n\t\t\t\t\t<div class=\"e-con-inner\">\n\t\t\t\t<div class=\"elementor-element elementor-element-e492f9f elementor-widget elementor-widget-heading\" data-id=\"e492f9f\" data-element_type=\"widget\" data-e-type=\"widget\" data-widget_type=\"heading.default\">\n\t\t\t\t<div class=\"elementor-widget-container\">\n\t\t\t\t\t<h2 class=\"elementor-heading-title elementor-size-default\">HIGIENIZACI\u00d3N DE ESPACIOS<\/h2>\t\t\t\t<\/div>\n\t\t\t\t<\/div>\n\t\t\t\t\t<\/div>\n\t\t\t\t<\/div>\n\t\t<div class=\"elementor-element elementor-element-774d169 e-flex e-con-boxed e-con e-parent\" data-id=\"774d169\" data-element_type=\"container\" data-e-type=\"container\">\n\t\t\t\t\t<div class=\"e-con-inner\">\n\t\t<div class=\"elementor-element elementor-element-7cea9a3 e-con-full e-flex e-con e-child\" data-id=\"7cea9a3\" data-element_type=\"container\" data-e-type=\"container\">\n\t\t\t\t<div class=\"elementor-element elementor-element-8e2c205 elementor-invisible elementor-widget elementor-widget-image\" data-id=\"8e2c205\" data-element_type=\"widget\" data-e-type=\"widget\" data-settings=\"{&quot;_animation&quot;:&quot;fadeInLeft&quot;}\" data-widget_type=\"image.default\">\n\t\t\t\t<div class=\"elementor-widget-container\">\n\t\t\t\t\t\t\t\t\t\t\t\t\t\t\t<img fetchpriority=\"high\" decoding=\"async\" width=\"800\" height=\"511\" src=\"https:\/\/hibelia.com\/wp-content\/uploads\/2024\/03\/Sistema-de-desinfeccion_01-1024x654.png\" class=\"attachment-large size-large wp-image-1331\" alt=\"\" srcset=\"https:\/\/hibelia.com\/wp-content\/uploads\/2024\/03\/Sistema-de-desinfeccion_01-1024x654.png 1024w, https:\/\/hibelia.com\/wp-content\/uploads\/2024\/03\/Sistema-de-desinfeccion_01-300x192.png 300w, https:\/\/hibelia.com\/wp-content\/uploads\/2024\/03\/Sistema-de-desinfeccion_01-768x490.png 768w, https:\/\/hibelia.com\/wp-content\/uploads\/2024\/03\/Sistema-de-desinfeccion_01-1536x981.png 1536w, https:\/\/hibelia.com\/wp-content\/uploads\/2024\/03\/Sistema-de-desinfeccion_01-2048x1307.png 2048w, https:\/\/hibelia.com\/wp-content\/uploads\/2024\/03\/Sistema-de-desinfeccion_01-e1711816248888.png 500w\" sizes=\"(max-width: 800px) 100vw, 800px\" \/>\t\t\t\t\t\t\t\t\t\t\t\t\t\t\t<\/div>\n\t\t\t\t<\/div>\n\t\t\t\t<\/div>\n\t\t<div class=\"elementor-element elementor-element-0bf2fc0 e-con-full e-flex e-con e-child\" data-id=\"0bf2fc0\" data-element_type=\"container\" data-e-type=\"container\">\n\t\t\t\t<div class=\"elementor-element elementor-element-e776857 elementor-invisible elementor-widget elementor-widget-text-editor\" data-id=\"e776857\" data-element_type=\"widget\" data-e-type=\"widget\" data-settings=\"{&quot;_animation&quot;:&quot;fadeInUp&quot;}\" data-widget_type=\"text-editor.default\">\n\t\t\t\t<div class=\"elementor-widget-container\">\n\t\t\t\t\t\t\t\t\t<p>Un aseo limpio es la mejor imagen para un establecimiento. Hibelia ha conseguido saber las preocupaciones de los clientes y realiza un sistema de chequeo de higienizaci\u00f3n, eliminando cualquier bacteria que se encuentre en los aseos.<\/p><p>El servicio de\u00a0<strong>Higienizaci\u00f3n y tratamiento de espacios<\/strong>\u00a0consiste en higienizar y desinfectar lavabos, tazas, urinarios y contenedores femeninos. Tambi\u00e9n suministra gel de manos y ambientadores para todo tipo de establecimientos, acompa\u00f1ado de reposici\u00f3n de material de celulosa. Todo para hacer que su aseo sea un lugar bien higienizado y ambientado.<\/p><p><strong>Otras instalaciones<\/strong> susceptibles de higienizaci\u00f3n tambi\u00e9n son tratadas bajo premisas concretas de cada una de ellas. El empleo de productos se adapta a la instalaci\u00f3n para prevenir interferencias con el uso a que se destinan.<\/p>\t\t\t\t\t\t\t\t<\/div>\n\t\t\t\t<\/div>\n\t\t\t\t<\/div>\n\t\t\t\t\t<\/div>\n\t\t\t\t<\/div>\n\t\t\t\t<\/div>\n\t\t","protected":false},"excerpt":{"rendered":"<p>HIGIENIZACI\u00d3N DE ESPACIOS Un aseo limpio es la mejor imagen para un establecimiento. Hibelia ha conseguido saber las preocupaciones de los clientes y realiza un sistema de chequeo de higienizaci\u00f3n, eliminando cualquier bacteria que se encuentre en los aseos. El servicio de\u00a0Higienizaci\u00f3n y tratamiento de espacios\u00a0consiste en higienizar y desinfectar lavabos, tazas, urinarios y contenedores [&hellip;]<\/p>\n","protected":false},"author":2,"featured_media":0,"parent":0,"menu_order":0,"comment_status":"closed","ping_status":"closed","template":"","meta":{"footnotes":""},"class_list":["post-1487","page","type-page","status-publish","hentry"],"_links":{"self":[{"href":"https:\/\/hibelia.com\/index.php?rest_route=\/wp\/v2\/pages\/1487","targetHints":{"allow":["GET"]}}],"collection":[{"href":"https:\/\/hibelia.com\/index.php?rest_route=\/wp\/v2\/pages"}],"about":[{"href":"https:\/\/hibelia.com\/index.php?rest_route=\/wp\/v2\/types\/page"}],"author":[{"embeddable":true,"href":"https:\/\/hibelia.com\/index.php?rest_route=\/wp\/v2\/users\/2"}],"replies":[{"embeddable":true,"href":"https:\/\/hibelia.com\/index.php?rest_route=%2Fwp%2Fv2%2Fcomments&post=1487"}],"version-history":[{"count":7,"href":"https:\/\/hibelia.com\/index.php?rest_route=\/wp\/v2\/pages\/1487\/revisions"}],"predecessor-version":[{"id":1540,"href":"https:\/\/hibelia.com\/index.php?rest_route=\/wp\/v2\/pages\/1487\/revisions\/1540"}],"wp:attachment":[{"href":"https:\/\/hibelia.com\/index.php?rest_route=%2Fwp%2Fv2%2Fmedia&parent=1487"}],"curies":[{"name":"wp","href":"https:\/\/api.w.org\/{rel}","templated":true}]}}