{"id":1454,"date":"2024-09-28T08:22:27","date_gmt":"2024-09-28T08:22:27","guid":{"rendered":"https:\/\/hibelia.com\/?page_id=1454"},"modified":"2024-10-23T16:14:04","modified_gmt":"2024-10-23T16:14:04","slug":"control-integral-de-plagas-2","status":"publish","type":"page","link":"https:\/\/hibelia.com\/?page_id=1454","title":{"rendered":"HIGIENIZACI\u00d3N DE SISTEMAS DE CLIMATIZACI\u00d3N"},"content":{"rendered":"\t\t<div data-elementor-type=\"wp-page\" data-elementor-id=\"1454\" class=\"elementor elementor-1454\" data-elementor-post-type=\"page\">\n\t\t\t\t<div class=\"elementor-element elementor-element-ac3b61c e-flex e-con-boxed e-con e-parent\" data-id=\"ac3b61c\" data-element_type=\"container\" data-e-type=\"container\">\n\t\t\t\t\t<div class=\"e-con-inner\">\n\t\t\t\t<div class=\"elementor-element elementor-element-e492f9f elementor-widget elementor-widget-heading\" data-id=\"e492f9f\" data-element_type=\"widget\" data-e-type=\"widget\" data-widget_type=\"heading.default\">\n\t\t\t\t<div class=\"elementor-widget-container\">\n\t\t\t\t\t<h2 class=\"elementor-heading-title elementor-size-default\">HIGIENIZACI\u00d3N DE SISTEMAS DE CLIMATIZACI\u00d3N<\/h2>\t\t\t\t<\/div>\n\t\t\t\t<\/div>\n\t\t\t\t\t<\/div>\n\t\t\t\t<\/div>\n\t\t<div class=\"elementor-element elementor-element-774d169 e-flex e-con-boxed e-con e-parent\" data-id=\"774d169\" data-element_type=\"container\" data-e-type=\"container\">\n\t\t\t\t\t<div class=\"e-con-inner\">\n\t\t<div class=\"elementor-element elementor-element-7cea9a3 e-con-full e-flex e-con e-child\" data-id=\"7cea9a3\" data-element_type=\"container\" data-e-type=\"container\">\n\t\t\t\t<div class=\"elementor-element elementor-element-8e2c205 elementor-invisible elementor-widget elementor-widget-image\" data-id=\"8e2c205\" data-element_type=\"widget\" data-e-type=\"widget\" data-settings=\"{&quot;_animation&quot;:&quot;fadeInLeft&quot;}\" data-widget_type=\"image.default\">\n\t\t\t\t<div class=\"elementor-widget-container\">\n\t\t\t\t\t\t\t\t\t\t\t\t\t\t\t<img fetchpriority=\"high\" decoding=\"async\" width=\"800\" height=\"400\" src=\"https:\/\/hibelia.com\/wp-content\/uploads\/2024\/10\/AIRE-ACONDICIONADO_04-1.png\" class=\"attachment-full size-full wp-image-1607\" alt=\"\" srcset=\"https:\/\/hibelia.com\/wp-content\/uploads\/2024\/10\/AIRE-ACONDICIONADO_04-1.png 800w, https:\/\/hibelia.com\/wp-content\/uploads\/2024\/10\/AIRE-ACONDICIONADO_04-1-300x150.png 300w, https:\/\/hibelia.com\/wp-content\/uploads\/2024\/10\/AIRE-ACONDICIONADO_04-1-768x384.png 768w\" sizes=\"(max-width: 800px) 100vw, 800px\" \/>\t\t\t\t\t\t\t\t\t\t\t\t\t\t\t<\/div>\n\t\t\t\t<\/div>\n\t\t\t\t<\/div>\n\t\t<div class=\"elementor-element elementor-element-0bf2fc0 e-con-full e-flex e-con e-child\" data-id=\"0bf2fc0\" data-element_type=\"container\" data-e-type=\"container\">\n\t\t\t\t<div class=\"elementor-element elementor-element-e776857 elementor-invisible elementor-widget elementor-widget-text-editor\" data-id=\"e776857\" data-element_type=\"widget\" data-e-type=\"widget\" data-settings=\"{&quot;_animation&quot;:&quot;fadeInUp&quot;}\" data-widget_type=\"text-editor.default\">\n\t\t\t\t<div class=\"elementor-widget-container\">\n\t\t\t\t\t\t\t\t\t<p>El actual Reglamento de Instalaciones T\u00e9rmicas en los Edificios (RITE) establece las condiciones que deben cumplir las instalaciones destinadas a atender la demanda de bienestar t\u00e9rmico e higiene a trav\u00e9s de equipos y sistemas de calefacci\u00f3n, climatizaci\u00f3n y agua caliente sanitaria, para conseguir un uso racional de la energ\u00eda.<\/p><p>Adem\u00e1s, se estipula la revisi\u00f3n y limpieza de unidades de impulsi\u00f3n y retorno de aire, siendo \u00e9sta una labor especializada en la que Hibelia posee una experiencia de m\u00e1s de 20 a\u00f1os.<\/p><p>Antes de la limpieza se realiza una revisi\u00f3n visual para evaluar la instalaci\u00f3n y sistemas de sujeci\u00f3n. Se obtienen im\u00e1genes con un veh\u00edculo de control remoto y una videoc\u00e1mara digital para documentar el estado de los conductos, incluso en \u00e1reas inaccesibles. Se lleva a cabo un an\u00e1lisis bacteriol\u00f3gico y microepidemiol\u00f3gico para evaluar la contaminaci\u00f3n del conducto.<\/p><p>Despu\u00e9s de la higienizaci\u00f3n, se repite la revisi\u00f3n visual y se toman muestras para an\u00e1lisis bacteriol\u00f3gicos de comprobaci\u00f3n. El objetivo es garantizar la higiene, con beneficios para la salud y el bienestar de los ocupantes.<\/p>\t\t\t\t\t\t\t\t<\/div>\n\t\t\t\t<\/div>\n\t\t\t\t<\/div>\n\t\t\t\t\t<\/div>\n\t\t\t\t<\/div>\n\t\t\t\t<\/div>\n\t\t","protected":false},"excerpt":{"rendered":"<p>HIGIENIZACI\u00d3N DE SISTEMAS DE CLIMATIZACI\u00d3N El actual Reglamento de Instalaciones T\u00e9rmicas en los Edificios (RITE) establece las condiciones que deben cumplir las instalaciones destinadas a atender la demanda de bienestar t\u00e9rmico e higiene a trav\u00e9s de equipos y sistemas de calefacci\u00f3n, climatizaci\u00f3n y agua caliente sanitaria, para conseguir un uso racional de la energ\u00eda. Adem\u00e1s, [&hellip;]<\/p>\n","protected":false},"author":2,"featured_media":0,"parent":0,"menu_order":0,"comment_status":"closed","ping_status":"closed","template":"","meta":{"footnotes":""},"class_list":["post-1454","page","type-page","status-publish","hentry"],"_links":{"self":[{"href":"https:\/\/hibelia.com\/index.php?rest_route=\/wp\/v2\/pages\/1454","targetHints":{"allow":["GET"]}}],"collection":[{"href":"https:\/\/hibelia.com\/index.php?rest_route=\/wp\/v2\/pages"}],"about":[{"href":"https:\/\/hibelia.com\/index.php?rest_route=\/wp\/v2\/types\/page"}],"author":[{"embeddable":true,"href":"https:\/\/hibelia.com\/index.php?rest_route=\/wp\/v2\/users\/2"}],"replies":[{"embeddable":true,"href":"https:\/\/hibelia.com\/index.php?rest_route=%2Fwp%2Fv2%2Fcomments&post=1454"}],"version-history":[{"count":10,"href":"https:\/\/hibelia.com\/index.php?rest_route=\/wp\/v2\/pages\/1454\/revisions"}],"predecessor-version":[{"id":1624,"href":"https:\/\/hibelia.com\/index.php?rest_route=\/wp\/v2\/pages\/1454\/revisions\/1624"}],"wp:attachment":[{"href":"https:\/\/hibelia.com\/index.php?rest_route=%2Fwp%2Fv2%2Fmedia&parent=1454"}],"curies":[{"name":"wp","href":"https:\/\/api.w.org\/{rel}","templated":true}]}}