{"id":1434,"date":"2024-09-23T16:44:23","date_gmt":"2024-09-23T16:44:23","guid":{"rendered":"https:\/\/hibelia.com\/?page_id=1434"},"modified":"2024-09-28T08:47:07","modified_gmt":"2024-09-28T08:47:07","slug":"prevencion-y-control-de-la-legionella","status":"publish","type":"page","link":"https:\/\/hibelia.com\/?page_id=1434","title":{"rendered":"PREVENCI\u00d3N Y CONTROL DE LEGIONELOSIS"},"content":{"rendered":"\t\t<div data-elementor-type=\"wp-page\" data-elementor-id=\"1434\" class=\"elementor elementor-1434\" data-elementor-post-type=\"page\">\n\t\t\t\t<div class=\"elementor-element elementor-element-d5686e9 e-flex e-con-boxed e-con e-parent\" data-id=\"d5686e9\" data-element_type=\"container\" data-e-type=\"container\">\n\t\t\t\t\t<div class=\"e-con-inner\">\n\t\t\t\t<div class=\"elementor-element elementor-element-6f10cad elementor-invisible elementor-widget elementor-widget-heading\" data-id=\"6f10cad\" data-element_type=\"widget\" data-e-type=\"widget\" data-settings=\"{&quot;_animation&quot;:&quot;zoomIn&quot;}\" data-widget_type=\"heading.default\">\n\t\t\t\t<div class=\"elementor-widget-container\">\n\t\t\t\t\t<h2 class=\"elementor-heading-title elementor-size-default\">PREVENCI\u00d3N Y CONTROL DE LEGIONELOSIS<\/h2>\t\t\t\t<\/div>\n\t\t\t\t<\/div>\n\t\t\t\t\t<\/div>\n\t\t\t\t<\/div>\n\t\t<div class=\"elementor-element elementor-element-bed1bd5 e-flex e-con-boxed e-con e-parent\" data-id=\"bed1bd5\" data-element_type=\"container\" data-e-type=\"container\">\n\t\t\t\t\t<div class=\"e-con-inner\">\n\t\t<div class=\"elementor-element elementor-element-de071a5 e-con-full e-flex e-con e-child\" data-id=\"de071a5\" data-element_type=\"container\" data-e-type=\"container\">\n\t\t\t\t<div class=\"elementor-element elementor-element-ee099ff elementor-invisible elementor-widget elementor-widget-image\" data-id=\"ee099ff\" data-element_type=\"widget\" data-e-type=\"widget\" data-settings=\"{&quot;_animation&quot;:&quot;fadeInDown&quot;}\" data-widget_type=\"image.default\">\n\t\t\t\t<div class=\"elementor-widget-container\">\n\t\t\t\t\t\t\t\t\t\t\t\t\t\t\t<img fetchpriority=\"high\" decoding=\"async\" width=\"555\" height=\"308\" src=\"https:\/\/hibelia.com\/wp-content\/uploads\/2024\/02\/servicios-1.png\" class=\"attachment-large size-large wp-image-316\" alt=\"\" srcset=\"https:\/\/hibelia.com\/wp-content\/uploads\/2024\/02\/servicios-1.png 555w, https:\/\/hibelia.com\/wp-content\/uploads\/2024\/02\/servicios-1-300x166.png 300w\" sizes=\"(max-width: 555px) 100vw, 555px\" \/>\t\t\t\t\t\t\t\t\t\t\t\t\t\t\t<\/div>\n\t\t\t\t<\/div>\n\t\t\t\t<\/div>\n\t\t<div class=\"elementor-element elementor-element-fc1f6f3 e-con-full e-flex elementor-invisible e-con e-child\" data-id=\"fc1f6f3\" data-element_type=\"container\" data-e-type=\"container\" data-settings=\"{&quot;animation&quot;:&quot;fadeInRight&quot;}\">\n\t\t\t\t<div class=\"elementor-element elementor-element-a45733d elementor-widget elementor-widget-text-editor\" data-id=\"a45733d\" data-element_type=\"widget\" data-e-type=\"widget\" data-widget_type=\"text-editor.default\">\n\t\t\t\t<div class=\"elementor-widget-container\">\n\t\t\t\t\t\t\t\t\t<p>La legionelosis es una enfermedad ambiental, de declaraci\u00f3n obligatoria, habitualmente asociada a los \u00e1mbitos comunitario y nosocomial. Se relaciona con sistemas que utilizan agua y que permiten la replicaci\u00f3n de la bacteria por ofrecer unas condiciones \u00f3ptimas en cuanto a temperatura y nutrici\u00f3n.<\/p><p>Para su control se debe realizar un plan seg\u00fan los requisitos que indica la normativa oficial (Real Decreto 487\/2022), que pueden ser Plan de Prevenci\u00f3n y Control de Legionella (PPCL) o Plan Sanitario frente a Legionella (PSL).<\/p><p>Hibelia tiene un equipo con m\u00e1s de 20 a\u00f1os de experiencia que se encarga de la prevenci\u00f3n y control de la legionella y de asesorar a los clientes para que sigan las pautas necesarias.<\/p>\t\t\t\t\t\t\t\t<\/div>\n\t\t\t\t<\/div>\n\t\t\t\t<\/div>\n\t\t\t\t\t<\/div>\n\t\t\t\t<\/div>\n\t\t\t\t<\/div>\n\t\t","protected":false},"excerpt":{"rendered":"<p>PREVENCI\u00d3N Y CONTROL DE LEGIONELOSIS La legionelosis es una enfermedad ambiental, de declaraci\u00f3n obligatoria, habitualmente asociada a los \u00e1mbitos comunitario y nosocomial. Se relaciona con sistemas que utilizan agua y que permiten la replicaci\u00f3n de la bacteria por ofrecer unas condiciones \u00f3ptimas en cuanto a temperatura y nutrici\u00f3n. Para su control se debe realizar un [&hellip;]<\/p>\n","protected":false},"author":2,"featured_media":0,"parent":14,"menu_order":0,"comment_status":"closed","ping_status":"closed","template":"","meta":{"footnotes":""},"class_list":["post-1434","page","type-page","status-publish","hentry"],"_links":{"self":[{"href":"https:\/\/hibelia.com\/index.php?rest_route=\/wp\/v2\/pages\/1434","targetHints":{"allow":["GET"]}}],"collection":[{"href":"https:\/\/hibelia.com\/index.php?rest_route=\/wp\/v2\/pages"}],"about":[{"href":"https:\/\/hibelia.com\/index.php?rest_route=\/wp\/v2\/types\/page"}],"author":[{"embeddable":true,"href":"https:\/\/hibelia.com\/index.php?rest_route=\/wp\/v2\/users\/2"}],"replies":[{"embeddable":true,"href":"https:\/\/hibelia.com\/index.php?rest_route=%2Fwp%2Fv2%2Fcomments&post=1434"}],"version-history":[{"count":13,"href":"https:\/\/hibelia.com\/index.php?rest_route=\/wp\/v2\/pages\/1434\/revisions"}],"predecessor-version":[{"id":1503,"href":"https:\/\/hibelia.com\/index.php?rest_route=\/wp\/v2\/pages\/1434\/revisions\/1503"}],"up":[{"embeddable":true,"href":"https:\/\/hibelia.com\/index.php?rest_route=\/wp\/v2\/pages\/14"}],"wp:attachment":[{"href":"https:\/\/hibelia.com\/index.php?rest_route=%2Fwp%2Fv2%2Fmedia&parent=1434"}],"curies":[{"name":"wp","href":"https:\/\/api.w.org\/{rel}","templated":true}]}}